{"id":1149,"date":"2025-02-20T09:25:39","date_gmt":"2025-02-20T08:25:39","guid":{"rendered":"https:\/\/venture.gruenderlehrstuhl.de\/?page_id=1149"},"modified":"2026-01-05T13:44:47","modified_gmt":"2026-01-05T12:44:47","slug":"forscherteam-2","status":"publish","type":"page","link":"https:\/\/venture.gruenderlehrstuhl.de\/?page_id=1149","title":{"rendered":"Forscherteam"},"content":{"rendered":"\n<div class=\"wp-block-columns is-layout-flex wp-container-core-columns-is-layout-9d6595d7 wp-block-columns-is-layout-flex\">\n<div class=\"wp-block-column is-layout-flow wp-block-column-is-layout-flow\" style=\"flex-basis:100%\">\n<section id=\"wp-block-themeisle-blocks-advanced-columns-dab9e0bf\" class=\"wp-block-themeisle-blocks-advanced-columns has-2-columns has-desktop-equal-layout has-tablet-equal-layout has-mobile-collapsedRows-layout has-vertical-flex-start has-light-bg\"><div class=\"wp-block-themeisle-blocks-advanced-columns-overlay\"><\/div><div class=\"innerblocks-wrap\">\n<div id=\"wp-block-themeisle-blocks-advanced-column-1bb9ffb4\" class=\"wp-block-themeisle-blocks-advanced-column\">\n<figure class=\"wp-block-image size-large\"><img loading=\"lazy\" decoding=\"async\" width=\"1024\" height=\"576\" src=\"https:\/\/venture.gruenderlehrstuhl.de\/wp-content\/uploads\/2025\/02\/T85_9539-1024x576.jpg\" alt=\"\" class=\"wp-image-1224\" srcset=\"https:\/\/venture.gruenderlehrstuhl.de\/wp-content\/uploads\/2025\/02\/T85_9539-1024x576.jpg 1024w, https:\/\/venture.gruenderlehrstuhl.de\/wp-content\/uploads\/2025\/02\/T85_9539-300x169.jpg 300w, https:\/\/venture.gruenderlehrstuhl.de\/wp-content\/uploads\/2025\/02\/T85_9539-768x432.jpg 768w, https:\/\/venture.gruenderlehrstuhl.de\/wp-content\/uploads\/2025\/02\/T85_9539-1536x864.jpg 1536w, https:\/\/venture.gruenderlehrstuhl.de\/wp-content\/uploads\/2025\/02\/T85_9539-2048x1152.jpg 2048w\" sizes=\"auto, (max-width: 1024px) 100vw, 1024px\" \/><\/figure>\n\n\n\n<div style=\"height:30px\" aria-hidden=\"true\" class=\"wp-block-spacer\"><\/div>\n\n\n\n<h3 class=\"wp-block-heading has-text-align-center has-text-color has-link-color wp-elements-af8090fae98a032955413f3a49169564\" style=\"color:#080808;margin-top:0px\">Nicholas Bost<\/h3>\n\n\n\n<div id=\"wp-block-themeisle-blocks-advanced-heading-975f3e9c\" class=\"wp-block-themeisle-blocks-advanced-heading wp-block-themeisle-blocks-advanced-heading-975f3e9c\"><strong>Wissenschaftlicher Mitarbeiter<\/strong><br>Lehrstuhl f\u00fcr Entrepreneurship und Innovation<\/div>\n\n\n\n<div id=\"wp-block-themeisle-blocks-icon-list-e9f443a5\" class=\"wp-block-themeisle-blocks-icon-list\">\n<div id=\"wp-block-themeisle-blocks-icon-list-item-b3b8970f\" class=\"wp-block-themeisle-blocks-icon-list-item\"><i class=\"fas fa-envelope wp-block-themeisle-blocks-icon-list-item-icon\"><\/i><p class=\"wp-block-themeisle-blocks-icon-list-item-content\"><a href=\"mailto:nicholas.bost@tu-dresden.de\">nicholas.bost@tu-dresden.de<\/a><\/p><\/div>\n\n\n\n<div id=\"wp-block-themeisle-blocks-icon-list-item-4979be0f\" class=\"wp-block-themeisle-blocks-icon-list-item\"><i class=\"fas fa-globe-europe wp-block-themeisle-blocks-icon-list-item-icon\"><\/i><p class=\"wp-block-themeisle-blocks-icon-list-item-content\"><a href=\"https:\/\/tu-dresden.de\/bu\/wirtschaft\/bwl\/lei\/die-professur\/beschaeftigte\/bost_profil\" data-type=\"link\" data-id=\"https:\/\/tu-dresden.de\/bu\/wirtschaft\/bwl\/lei\/die-professur\/beschaeftigte\/bost_profil\">Profil auf Lehrstuhlwebsite<\/a><\/p><\/div>\n\n\n\n<div id=\"wp-block-themeisle-blocks-icon-list-item-3bc31434\" class=\"wp-block-themeisle-blocks-icon-list-item\"><i class=\"fab fa-linkedin wp-block-themeisle-blocks-icon-list-item-icon\"><\/i><p class=\"wp-block-themeisle-blocks-icon-list-item-content\"><a href=\"https:\/\/www.linkedin.com\/in\/nicholasbost\/\" data-type=\"link\" data-id=\"https:\/\/www.linkedin.com\/in\/nicholasbost\/\">Profil auf LinkedIn<\/a><\/p><\/div>\n<\/div>\n\n\n\n<div id=\"wp-block-themeisle-blocks-accordion-a962a039\" class=\"wp-block-themeisle-blocks-accordion exclusive no-gap  is-style-default\">\n<details class=\"wp-block-themeisle-blocks-accordion-item ticss-afc53bd6\"><summary class=\"wp-block-themeisle-blocks-accordion-item__title\"><div><strong>\u00dcber die Person<\/strong><\/div><\/summary><div class=\"wp-block-themeisle-blocks-accordion-item__content\">\n<p class=\"has-text-align-center\">Nicholas Bost ist wissenschaftlicher Mitarbeiter am Lehrstuhl f\u00fcr Entrepreneurship und Innovation. Er hat Wirtschaftsinformatik im Bachelor an der Martin-Luther-Universit\u00e4t Halle-Wittenberg und International Management, Marketing, Entrepreneurship an der Otto-von-Guericke-Universit\u00e4t Magdeburg sowie Wirtschaftsrecht, ebenfalls in Halle, im Master studiert. Sein Forschungsschwerpunkt liegt im Bereich Entrepreneurial Finance, insbesondere Venture Capital.<\/p>\n<\/div><\/details>\n<\/div>\n<\/div>\n\n\n\n<div id=\"wp-block-themeisle-blocks-advanced-column-6612fceb\" class=\"wp-block-themeisle-blocks-advanced-column\">\n<figure class=\"wp-block-image size-large\"><img loading=\"lazy\" decoding=\"async\" width=\"1024\" height=\"573\" src=\"https:\/\/venture.gruenderlehrstuhl.de\/wp-content\/uploads\/2025\/10\/Paula_Website-1024x573.jpg\" alt=\"\" class=\"wp-image-2129\" srcset=\"https:\/\/venture.gruenderlehrstuhl.de\/wp-content\/uploads\/2025\/10\/Paula_Website-1024x573.jpg 1024w, https:\/\/venture.gruenderlehrstuhl.de\/wp-content\/uploads\/2025\/10\/Paula_Website-300x168.jpg 300w, https:\/\/venture.gruenderlehrstuhl.de\/wp-content\/uploads\/2025\/10\/Paula_Website-768x430.jpg 768w, https:\/\/venture.gruenderlehrstuhl.de\/wp-content\/uploads\/2025\/10\/Paula_Website.jpg 1365w\" sizes=\"auto, (max-width: 1024px) 100vw, 1024px\" \/><\/figure>\n\n\n\n<div style=\"height:30px\" aria-hidden=\"true\" class=\"wp-block-spacer\"><\/div>\n\n\n\n<h3 class=\"wp-block-heading has-text-align-center has-text-color has-link-color wp-elements-d9b273a0f3b73dc3991da74b207e0c24\" style=\"color:#080808;margin-top:0px\">Paula Schwetzler<\/h3>\n\n\n\n<div id=\"wp-block-themeisle-blocks-advanced-heading-9fc14c0d\" class=\"wp-block-themeisle-blocks-advanced-heading wp-block-themeisle-blocks-advanced-heading-9fc14c0d\"><strong>Wissenschaftliche Mitarbeiterin<\/strong><br>Lehrstuhl f\u00fcr Entrepreneurship und Innovation<\/div>\n\n\n\n<div id=\"wp-block-themeisle-blocks-icon-list-395dcdaa\" class=\"wp-block-themeisle-blocks-icon-list\">\n<div id=\"wp-block-themeisle-blocks-icon-list-item-48e84e40\" class=\"wp-block-themeisle-blocks-icon-list-item\"><i class=\"fas fa-envelope wp-block-themeisle-blocks-icon-list-item-icon\"><\/i><p class=\"wp-block-themeisle-blocks-icon-list-item-content\"><a href=\"mailto:paula.schwetzler@tu-dresden.de\">paula.schwetzler@tu-dresden.de<\/a><\/p><\/div>\n\n\n\n<div id=\"wp-block-themeisle-blocks-icon-list-item-50bb6e24\" class=\"wp-block-themeisle-blocks-icon-list-item\"><i class=\"fas fa-globe-europe wp-block-themeisle-blocks-icon-list-item-icon\"><\/i><p class=\"wp-block-themeisle-blocks-icon-list-item-content\"><a href=\"https:\/\/tu-dresden.de\/bu\/wirtschaft\/bwl\/lei\/die-professur\/beschaeftigte\/schwetzler_profil\" data-type=\"link\" data-id=\"https:\/\/tu-dresden.de\/bu\/wirtschaft\/bwl\/lei\/die-professur\/beschaeftigte\/bost_profil\">Profil auf Lehrstuhlwebsite<\/a><\/p><\/div>\n\n\n\n<div id=\"wp-block-themeisle-blocks-icon-list-item-2bcf7c62\" class=\"wp-block-themeisle-blocks-icon-list-item\"><i class=\"fab fa-linkedin wp-block-themeisle-blocks-icon-list-item-icon\"><\/i><p class=\"wp-block-themeisle-blocks-icon-list-item-content\"><a href=\"https:\/\/www.linkedin.com\/in\/paula-schwetzler-a66787163\/\" data-type=\"link\" data-id=\"https:\/\/www.linkedin.com\/in\/nicholasbost\/\">Profil auf LinkedIn<\/a><\/p><\/div>\n<\/div>\n\n\n\n<div id=\"wp-block-themeisle-blocks-accordion-d74db7e9\" class=\"wp-block-themeisle-blocks-accordion exclusive no-gap  is-style-default\">\n<details class=\"wp-block-themeisle-blocks-accordion-item ticss-afc53bd6\"><summary class=\"wp-block-themeisle-blocks-accordion-item__title\"><div><strong>\u00dcber die Person<\/strong><\/div><\/summary><div class=\"wp-block-themeisle-blocks-accordion-item__content\">\n<p>Paula Schwetzler ist wissenschaftliche Mitarbeiterin am Lehrstuhl f\u00fcr Entrepreneurship und Innovation. Sie hat Wirtschaftsingenieurwesen im Doppeldiplom an der TU Dresden und der \u00c9cole de Management Strasbourg mit den Schwerpunkten Verkehrsingenieurwesen und Finance studiert. Zudem verf\u00fcgt sie \u00fcber mehrj\u00e4hrige Erfahrung als Projektmanagerin in einem Software-Start-up. Ihr Forschungsschwerpunkt liegt im Bereich Entrepreneurial Finance, insbesondere Venture Capital.<\/p>\n<\/div><\/details>\n<\/div>\n<\/div>\n<\/div><\/section>\n<\/div>\n<\/div>\n\n\n\n<section id=\"wp-block-themeisle-blocks-advanced-columns-5d13bcd9\" class=\"wp-block-themeisle-blocks-advanced-columns has-2-columns has-desktop-equal-layout has-tablet-equal-layout has-mobile-collapsedRows-layout has-vertical-flex-start has-light-bg\"><div class=\"wp-block-themeisle-blocks-advanced-columns-overlay\"><\/div><div class=\"innerblocks-wrap\">\n<div id=\"wp-block-themeisle-blocks-advanced-column-f60eeaba\" class=\"wp-block-themeisle-blocks-advanced-column\">\n<figure class=\"wp-block-image size-large\"><img loading=\"lazy\" decoding=\"async\" width=\"1024\" height=\"576\" src=\"https:\/\/venture.gruenderlehrstuhl.de\/wp-content\/uploads\/2025\/02\/T85_9342-1024x576.jpg\" alt=\"\" class=\"wp-image-1059\" srcset=\"https:\/\/venture.gruenderlehrstuhl.de\/wp-content\/uploads\/2025\/02\/T85_9342-1024x576.jpg 1024w, https:\/\/venture.gruenderlehrstuhl.de\/wp-content\/uploads\/2025\/02\/T85_9342-300x169.jpg 300w, https:\/\/venture.gruenderlehrstuhl.de\/wp-content\/uploads\/2025\/02\/T85_9342-768x432.jpg 768w, https:\/\/venture.gruenderlehrstuhl.de\/wp-content\/uploads\/2025\/02\/T85_9342-1536x864.jpg 1536w, https:\/\/venture.gruenderlehrstuhl.de\/wp-content\/uploads\/2025\/02\/T85_9342-2048x1152.jpg 2048w\" sizes=\"auto, (max-width: 1024px) 100vw, 1024px\" \/><\/figure>\n\n\n\n<div style=\"height:30px\" aria-hidden=\"true\" class=\"wp-block-spacer\"><\/div>\n\n\n\n<h3 class=\"wp-block-heading has-text-align-center has-text-color has-link-color wp-elements-5f021dfcd62bc7869136af3660d61d89\" style=\"color:#080808;margin-top:0px\">Johannes Paul<\/h3>\n\n\n\n<div id=\"wp-block-themeisle-blocks-advanced-heading-f95925fc\" class=\"wp-block-themeisle-blocks-advanced-heading wp-block-themeisle-blocks-advanced-heading-f95925fc\"><strong>Wissenschaftlicher Mitarbeiter<\/strong><br>TUD excite|FUTURELAB<\/div>\n\n\n\n<div id=\"wp-block-themeisle-blocks-icon-list-d3faa2bb\" class=\"wp-block-themeisle-blocks-icon-list\">\n<div id=\"wp-block-themeisle-blocks-icon-list-item-b5952795\" class=\"wp-block-themeisle-blocks-icon-list-item\"><i class=\"fas fa-envelope wp-block-themeisle-blocks-icon-list-item-icon\"><\/i><p class=\"wp-block-themeisle-blocks-icon-list-item-content\"><a href=\"mailto:johannes.paul2@tu-dresden.de\">johannes.paul2@tu-dresden.de<\/a><\/p><\/div>\n\n\n\n<div id=\"wp-block-themeisle-blocks-icon-list-item-306535d5\" class=\"wp-block-themeisle-blocks-icon-list-item\"><i class=\"fas fa-globe-europe wp-block-themeisle-blocks-icon-list-item-icon\"><\/i><p class=\"wp-block-themeisle-blocks-icon-list-item-content\"><a href=\"https:\/\/tu-dresden.de\/forschung-transfer\/transfer\/tud-excite\/future-lab\" data-type=\"link\" data-id=\"https:\/\/tu-dresden.de\/bu\/wirtschaft\/bwl\/lei\/die-professur\/beschaeftigte\/bost_profil\">Profil auf TUD|excite-Website<\/a><\/p><\/div>\n\n\n\n<div id=\"wp-block-themeisle-blocks-icon-list-item-822837b6\" class=\"wp-block-themeisle-blocks-icon-list-item\"><i class=\"fab fa-linkedin wp-block-themeisle-blocks-icon-list-item-icon\"><\/i><p class=\"wp-block-themeisle-blocks-icon-list-item-content\"><a href=\"https:\/\/www.linkedin.com\/in\/johannes-paul-23a523215\/\" data-type=\"link\" data-id=\"https:\/\/www.linkedin.com\/in\/nicholasbost\/\">Profil auf LinkedIn<\/a><\/p><\/div>\n<\/div>\n\n\n\n<div id=\"wp-block-themeisle-blocks-accordion-e6fd0228\" class=\"wp-block-themeisle-blocks-accordion exclusive no-gap  is-style-default\">\n<details class=\"wp-block-themeisle-blocks-accordion-item ticss-afc53bd6\"><summary class=\"wp-block-themeisle-blocks-accordion-item__title\"><div><strong>\u00dcber die Person<\/strong><\/div><\/summary><div class=\"wp-block-themeisle-blocks-accordion-item__content\">\n<p>Johannes Paul ist wissenschaftlicher Mitarbeiter in der Unit FutureLab am TUD | Excellence Center for Innovation, Transfer, and Entrepreneurship (TUD|excite). Er hat Wirtschaftsingenieurwesen (Diplom) an der TU Dresden mit den Schwerpunkten Management und Marketing und Elektronische Ger\u00e4te- und Mikrotechnik studiert. Sein Forschungsschwerpunkt liegt in den Bereichen Entrepreneurship Education sowie Venture Capital- und Startup-Patentforschung.<\/p>\n<\/div><\/details>\n<\/div>\n<\/div>\n\n\n\n<div id=\"wp-block-themeisle-blocks-advanced-column-b40ac297\" class=\"wp-block-themeisle-blocks-advanced-column\">\n<figure class=\"wp-block-image size-full\"><img loading=\"lazy\" decoding=\"async\" width=\"1499\" height=\"843\" src=\"https:\/\/venture.gruenderlehrstuhl.de\/wp-content\/uploads\/2025\/02\/HQ4A1315-scaled-e1751889547334.jpg\" alt=\"Dr. Nagwan Abu El-Ella\" class=\"wp-image-1308\" srcset=\"https:\/\/venture.gruenderlehrstuhl.de\/wp-content\/uploads\/2025\/02\/HQ4A1315-scaled-e1751889547334.jpg 1499w, https:\/\/venture.gruenderlehrstuhl.de\/wp-content\/uploads\/2025\/02\/HQ4A1315-scaled-e1751889547334-300x169.jpg 300w, https:\/\/venture.gruenderlehrstuhl.de\/wp-content\/uploads\/2025\/02\/HQ4A1315-scaled-e1751889547334-1024x576.jpg 1024w, https:\/\/venture.gruenderlehrstuhl.de\/wp-content\/uploads\/2025\/02\/HQ4A1315-scaled-e1751889547334-768x432.jpg 768w\" sizes=\"auto, (max-width: 1499px) 100vw, 1499px\" \/><\/figure>\n\n\n\n<div style=\"height:30px\" aria-hidden=\"true\" class=\"wp-block-spacer\"><\/div>\n\n\n\n<h3 class=\"wp-block-heading has-text-align-center has-text-color has-link-color wp-elements-d1f14d885b4b566e6122cb741c716358\" style=\"color:#080808;margin-top:0px\">Dr. Nagwan Abu El-Ella<\/h3>\n\n\n\n<div id=\"wp-block-themeisle-blocks-advanced-heading-c5a0753a\" class=\"wp-block-themeisle-blocks-advanced-heading wp-block-themeisle-blocks-advanced-heading-c5a0753a\"><strong>Wissenschaftliche Mitarbeiterin<\/strong><br>TUD excite|FUTURELAB<\/div>\n\n\n\n<div id=\"wp-block-themeisle-blocks-icon-list-d36ab2e1\" class=\"wp-block-themeisle-blocks-icon-list\">\n<div id=\"wp-block-themeisle-blocks-icon-list-item-e9ef23b0\" class=\"wp-block-themeisle-blocks-icon-list-item\"><i class=\"fas fa-envelope wp-block-themeisle-blocks-icon-list-item-icon\"><\/i><p class=\"wp-block-themeisle-blocks-icon-list-item-content\"><a href=\"mailto:nagwan.abuelella@tu-dresden.de\">nagwan.abuelella@\u200btu-dresden.de<\/a><\/p><\/div>\n\n\n\n<div id=\"wp-block-themeisle-blocks-icon-list-item-73bdfd6a\" class=\"wp-block-themeisle-blocks-icon-list-item\"><i class=\"fas fa-globe-europe wp-block-themeisle-blocks-icon-list-item-icon\"><\/i><p class=\"wp-block-themeisle-blocks-icon-list-item-content\"><a href=\"https:\/\/tu-dresden.de\/forschung-transfer\/transfer\/tud-excite\/future-lab\" data-type=\"link\" data-id=\"https:\/\/tu-dresden.de\/bu\/wirtschaft\/bwl\/lei\/die-professur\/beschaeftigte\/bost_profil\">Profil auf TUD|excite-Website<\/a><\/p><\/div>\n\n\n\n<div id=\"wp-block-themeisle-blocks-icon-list-item-31fe3966\" class=\"wp-block-themeisle-blocks-icon-list-item\"><i class=\"fab fa-linkedin wp-block-themeisle-blocks-icon-list-item-icon\"><\/i><p class=\"wp-block-themeisle-blocks-icon-list-item-content\"><a href=\"https:\/\/www.linkedin.com\/in\/nagwan-abu-el-ella-99510351\/\" data-type=\"link\" data-id=\"https:\/\/www.linkedin.com\/in\/nicholasbost\/\">Profil auf LinkedIn<\/a><\/p><\/div>\n<\/div>\n\n\n\n<div id=\"wp-block-themeisle-blocks-accordion-42d56b2a\" class=\"wp-block-themeisle-blocks-accordion exclusive no-gap  is-style-default\">\n<details class=\"wp-block-themeisle-blocks-accordion-item ticss-afc53bd6\"><summary class=\"wp-block-themeisle-blocks-accordion-item__title\"><div><strong>\u00dcber die Person<\/strong><\/div><\/summary><div class=\"wp-block-themeisle-blocks-accordion-item__content\">\n<p>Dr. Nagwan Abu El-Ella ist Postdoc an der Fakult\u00e4t Wirtschaftswissenschaften und Leiterin der Unit FutureLab am TUD | Excellence Center for Innovation, Transfer, and Entrepreneurship (TUD|excite). Sie hat an der HHL Leipzig Graduate School of Management promoviert und verf\u00fcgt \u00fcber Erfahrung in Wissenschaft und Beratung. Ihre Forschungsinteressen umfassen die Beteiligung von Arbeitnehmern an Open Innovation, Venture Capital- und Startup-Patentforschung, Entrepreneurship Education, Advanced Frugal Innovation und KI-Implikationen sowie Gesch\u00e4ftsmodelle f\u00fcr Datentreuh\u00e4nder.<\/p>\n<\/div><\/details>\n<\/div>\n<\/div>\n<\/div><\/section>\n\n\n\n<section id=\"wp-block-themeisle-blocks-advanced-columns-b814cf1c\" class=\"wp-block-themeisle-blocks-advanced-columns has-1-columns has-desktop-equal-layout has-tablet-equal-layout has-mobile-equal-layout has-vertical-flex-start has-light-bg\"><div class=\"wp-block-themeisle-blocks-advanced-columns-overlay\"><\/div><div class=\"innerblocks-wrap\">\n<div id=\"wp-block-themeisle-blocks-advanced-column-7570b8a5\" class=\"wp-block-themeisle-blocks-advanced-column\">\n<section id=\"wp-block-themeisle-blocks-advanced-columns-487abc44\" class=\"wp-block-themeisle-blocks-advanced-columns has-2-columns has-desktop-equal-layout has-tablet-equal-layout has-mobile-collapsedRows-layout has-vertical-flex-start\"><div class=\"wp-block-themeisle-blocks-advanced-columns-overlay\"><\/div><div class=\"innerblocks-wrap\">\n<div id=\"wp-block-themeisle-blocks-advanced-column-ac4cef94\" class=\"wp-block-themeisle-blocks-advanced-column\">\n<figure class=\"wp-block-image size-large\"><img loading=\"lazy\" decoding=\"async\" width=\"1024\" height=\"576\" src=\"https:\/\/venture.gruenderlehrstuhl.de\/wp-content\/uploads\/2025\/02\/Michael-Schefczyk-scaled-e1740037471989-1024x576.jpg\" alt=\"\" class=\"wp-image-1272\" style=\"aspect-ratio:16\/9;object-fit:cover\" srcset=\"https:\/\/venture.gruenderlehrstuhl.de\/wp-content\/uploads\/2025\/02\/Michael-Schefczyk-scaled-e1740037471989-1024x576.jpg 1024w, https:\/\/venture.gruenderlehrstuhl.de\/wp-content\/uploads\/2025\/02\/Michael-Schefczyk-scaled-e1740037471989-300x169.jpg 300w, https:\/\/venture.gruenderlehrstuhl.de\/wp-content\/uploads\/2025\/02\/Michael-Schefczyk-scaled-e1740037471989-768x432.jpg 768w, https:\/\/venture.gruenderlehrstuhl.de\/wp-content\/uploads\/2025\/02\/Michael-Schefczyk-scaled-e1740037471989-1536x864.jpg 1536w, https:\/\/venture.gruenderlehrstuhl.de\/wp-content\/uploads\/2025\/02\/Michael-Schefczyk-scaled-e1740037471989-2048x1152.jpg 2048w\" sizes=\"auto, (max-width: 1024px) 100vw, 1024px\" \/><\/figure>\n\n\n\n<div style=\"height:30px\" aria-hidden=\"true\" class=\"wp-block-spacer\"><\/div>\n\n\n\n<h3 class=\"wp-block-heading has-text-align-center has-text-color has-link-color wp-elements-0690e71b4e492dd2c86d79355376bfad\" style=\"color:#080808;margin-top:0px\">Prof. Dr. Michael Schefczyk<\/h3>\n\n\n\n<div id=\"wp-block-themeisle-blocks-advanced-heading-abcc7db3\" class=\"wp-block-themeisle-blocks-advanced-heading wp-block-themeisle-blocks-advanced-heading-abcc7db3\"><strong>Lehrstuhlinhaber<\/strong><br>Lehrstuhl f\u00fcr Entrepreneurship und Innovation<br><\/div>\n\n\n\n<div id=\"wp-block-themeisle-blocks-icon-list-99d7b01a\" class=\"wp-block-themeisle-blocks-icon-list\">\n<div id=\"wp-block-themeisle-blocks-icon-list-item-52e0c65d\" class=\"wp-block-themeisle-blocks-icon-list-item\"><i class=\"fas fa-globe-europe wp-block-themeisle-blocks-icon-list-item-icon\"><\/i><p class=\"wp-block-themeisle-blocks-icon-list-item-content\"><a href=\"https:\/\/tu-dresden.de\/bu\/wirtschaft\/bwl\/lei\/die-professur\/beschaeftigte\/schefczyk_profil\" data-type=\"link\" data-id=\"https:\/\/tu-dresden.de\/bu\/wirtschaft\/bwl\/lei\/die-professur\/beschaeftigte\/schefczyk_profil\">Profil auf Lehrstuhlwebsite<\/a><\/p><\/div>\n<\/div>\n<\/div>\n\n\n\n<div id=\"wp-block-themeisle-blocks-advanced-column-a4c15552\" class=\"wp-block-themeisle-blocks-advanced-column\">\n<figure class=\"wp-block-image size-full\"><img loading=\"lazy\" decoding=\"async\" width=\"2560\" height=\"1707\" src=\"https:\/\/venture.gruenderlehrstuhl.de\/wp-content\/uploads\/2025\/02\/HQ4A1066-scaled.jpg\" alt=\"\" class=\"wp-image-1311\" style=\"aspect-ratio:1.7777777777777777;object-fit:cover\" srcset=\"https:\/\/venture.gruenderlehrstuhl.de\/wp-content\/uploads\/2025\/02\/HQ4A1066-scaled.jpg 2560w, https:\/\/venture.gruenderlehrstuhl.de\/wp-content\/uploads\/2025\/02\/HQ4A1066-300x200.jpg 300w, https:\/\/venture.gruenderlehrstuhl.de\/wp-content\/uploads\/2025\/02\/HQ4A1066-1024x683.jpg 1024w, https:\/\/venture.gruenderlehrstuhl.de\/wp-content\/uploads\/2025\/02\/HQ4A1066-768x512.jpg 768w, https:\/\/venture.gruenderlehrstuhl.de\/wp-content\/uploads\/2025\/02\/HQ4A1066-1536x1024.jpg 1536w, https:\/\/venture.gruenderlehrstuhl.de\/wp-content\/uploads\/2025\/02\/HQ4A1066-2048x1365.jpg 2048w, https:\/\/venture.gruenderlehrstuhl.de\/wp-content\/uploads\/2025\/02\/HQ4A1066-930x620.jpg 930w\" sizes=\"auto, (max-width: 2560px) 100vw, 2560px\" \/><\/figure>\n\n\n\n<div style=\"height:30px\" aria-hidden=\"true\" class=\"wp-block-spacer\"><\/div>\n\n\n\n<h3 class=\"wp-block-heading has-text-align-center has-text-color has-link-color wp-elements-b225b9e487310b1f7c46829e354b003b\" style=\"color:#080808;margin-top:0px\">Prof. Dr. Andreas Pinkwart<\/h3>\n\n\n\n<div id=\"wp-block-themeisle-blocks-advanced-heading-492490a5\" class=\"wp-block-themeisle-blocks-advanced-heading wp-block-themeisle-blocks-advanced-heading-492490a5\"><strong>Lehrstuhlinhaber\/Direktor<\/strong><br>Lehrstuhl f\u00fcr Innovations- und Technologiemanagement und TUD|Excellence Center for Innovation, Transfer and Entrepreneurship<\/div>\n\n\n\n<div id=\"wp-block-themeisle-blocks-icon-list-7c84fb7a\" class=\"wp-block-themeisle-blocks-icon-list\">\n<div id=\"wp-block-themeisle-blocks-icon-list-item-1d88f4b6\" class=\"wp-block-themeisle-blocks-icon-list-item\"><i class=\"fas fa-globe-europe wp-block-themeisle-blocks-icon-list-item-icon\"><\/i><p class=\"wp-block-themeisle-blocks-icon-list-item-content\"><a href=\"https:\/\/tu-dresden.de\/forschung-transfer\/transfer\/tud-excite\/direktor\" data-type=\"link\" data-id=\"https:\/\/tu-dresden.de\/forschung-transfer\/transfer\/tud-excite\/direktor\">Profil auf TUD|excite-Website<\/a><\/p><\/div>\n<\/div>\n<\/div>\n<\/div><\/section>\n<\/div>\n<\/div><\/section>\n\n\n\n<p><\/p>\n","protected":false},"excerpt":{"rendered":"","protected":false},"author":7,"featured_media":821,"parent":0,"menu_order":0,"comment_status":"closed","ping_status":"closed","template":"","meta":{"neve_meta_sidebar":"","neve_meta_container":"","neve_meta_enable_content_width":"","neve_meta_content_width":0,"neve_meta_title_alignment":"","neve_meta_author_avatar":"","neve_post_elements_order":"","neve_meta_disable_header":"","neve_meta_disable_footer":"","neve_meta_disable_title":"","_themeisle_gutenberg_block_has_review":false,"footnotes":""},"class_list":["post-1149","page","type-page","status-publish","has-post-thumbnail","hentry"],"_links":{"self":[{"href":"https:\/\/venture.gruenderlehrstuhl.de\/index.php?rest_route=\/wp\/v2\/pages\/1149","targetHints":{"allow":["GET"]}}],"collection":[{"href":"https:\/\/venture.gruenderlehrstuhl.de\/index.php?rest_route=\/wp\/v2\/pages"}],"about":[{"href":"https:\/\/venture.gruenderlehrstuhl.de\/index.php?rest_route=\/wp\/v2\/types\/page"}],"author":[{"embeddable":true,"href":"https:\/\/venture.gruenderlehrstuhl.de\/index.php?rest_route=\/wp\/v2\/users\/7"}],"replies":[{"embeddable":true,"href":"https:\/\/venture.gruenderlehrstuhl.de\/index.php?rest_route=%2Fwp%2Fv2%2Fcomments&post=1149"}],"version-history":[{"count":0,"href":"https:\/\/venture.gruenderlehrstuhl.de\/index.php?rest_route=\/wp\/v2\/pages\/1149\/revisions"}],"wp:featuredmedia":[{"embeddable":true,"href":"https:\/\/venture.gruenderlehrstuhl.de\/index.php?rest_route=\/wp\/v2\/media\/821"}],"wp:attachment":[{"href":"https:\/\/venture.gruenderlehrstuhl.de\/index.php?rest_route=%2Fwp%2Fv2%2Fmedia&parent=1149"}],"curies":[{"name":"wp","href":"https:\/\/api.w.org\/{rel}","templated":true}]}}