{"id":26,"date":"2023-06-30T10:17:56","date_gmt":"2023-06-30T08:17:56","guid":{"rendered":"https:\/\/venture.gruenderlehrstuhl.de\/?page_id=26"},"modified":"2025-04-25T15:12:29","modified_gmt":"2025-04-25T13:12:29","slug":"projektvorstellung","status":"publish","type":"page","link":"https:\/\/venture.gruenderlehrstuhl.de\/","title":{"rendered":"Projektvorstellung"},"content":{"rendered":"\n<p class=\"benachrichtigungsblock\">Wir beginn in K\u00fcrze mit der <strong>n\u00e4chsten Datenerhebung<\/strong>, zur Erweiterung der Datengrundlage unserer longitudinalen Studie. <strong>Unterst\u00fctzen auch Sie uns dabei<\/strong>, den Grundstein f\u00fcr weitere praxisrelevante Erkenntnisse zu strategischem Risikomanagement in Seed-Fonds und ihren Portfoliounternehmen zu gewinnen. <strong>Wir freuen uns auf Ihre <a href=\"https:\/\/venture.gruenderlehrstuhl.de\/?page_id=990\">Kontaktaufnahme<\/a> und den fachlichen Austausch!<\/strong> In einem <a href=\"https:\/\/www.vc-magazin.de\/blog\/2025\/04\/22\/strategisches-risikomanagement-in-fruehphasenfonds-ergebnisse-und-ausblick\/\"><strong>Beitrag f\u00fcr das VentureCapital Magazin<\/strong><\/a> haben wir die bisherigen Forschungsergebnisse zusammengefasst und einen Ausblick auf die n\u00e4chsten Schritte des Projekts gegeben.<\/p>\n\n\n\n<p>Mit dem Ziel praxisrelevante Erkenntnisse f\u00fcr das Management von Fr\u00fchphasenfonds und jungen Technologieunternehmen zu gewinnen, f\u00fchren wir in Kooperation mit f\u00fchrenden deutschen Fr\u00fchphasenfonds ein Forschungsprojekt zum strategischen Risikomanagement in der Fr\u00fchphasenfinanzierung durch. In dem gemeinsamen Forschungsprojekt von <a href=\"https:\/\/tu-dresden.de\/forschung-transfer\/transfer\/tud-excite\">Prof. Dr. Michael Schefczyk<\/a> (TU Dresden) und <a href=\"https:\/\/tu-dresden.de\/forschung-transfer\/transfer\/tud-excite\/direktor\">Prof. Dr. Andreas Pinkwart<\/a> (<a href=\"https:\/\/tu-dresden.de\/forschung-transfer\/transfer\/tud-excite\">TUD|Excellence Center for Innovation, Transfer and Entrepreneurship<\/a>, zuvor HHL Leipzig Graduate School of Management) wurden bislang neun Fr\u00fchphasenfonds und 139 Technologieunternehmen untersucht.<\/p>\n\n\n\n<p>Unterschiedliche Informationsquellen zu den Beteiligungsf\u00e4llen bilden die Datengrundlage der Untersuchung. Im Mittelpunkt stehen dabei die Entscheidungsakte und die laufenden Reportings, die eine Analyse im Zeitverlauf erm\u00f6glichen. Die objektive Sicht wird durch standardisierte Befragungen von Investmentmanagern (IM) und Portfoliounternehmen (PU) erg\u00e4nzt. Dadurch k\u00f6nnen zwei unterschiedliche subjektive Perspektiven desselben Beteiligungsfalls ber\u00fccksichtigt werden. Die gew\u00e4hlte Vorgehensweise hat eine hohe wissenschaftliche Relevanz, da sie sich im Vergleich zu bisherigen Studien auf eine Multi-Perspektiven-Analyse st\u00fctzt und gleichzeitig eine longitudinale Zeitraumbetrachtung erlaubt.<\/p>\n\n\n<div class=\"wp-block-image bild-zoom\">\n<figure class=\"aligncenter size-full is-resized\"><img loading=\"lazy\" decoding=\"async\" width=\"2058\" height=\"537\" src=\"https:\/\/venture.gruenderlehrstuhl.de\/wp-content\/uploads\/2024\/07\/InhalteDatensatz-1.png\" alt=\"\" class=\"wp-image-908\" style=\"width:763px;height:auto\" srcset=\"https:\/\/venture.gruenderlehrstuhl.de\/wp-content\/uploads\/2024\/07\/InhalteDatensatz-1.png 2058w, https:\/\/venture.gruenderlehrstuhl.de\/wp-content\/uploads\/2024\/07\/InhalteDatensatz-1-300x78.png 300w, https:\/\/venture.gruenderlehrstuhl.de\/wp-content\/uploads\/2024\/07\/InhalteDatensatz-1-1024x267.png 1024w, https:\/\/venture.gruenderlehrstuhl.de\/wp-content\/uploads\/2024\/07\/InhalteDatensatz-1-768x200.png 768w, https:\/\/venture.gruenderlehrstuhl.de\/wp-content\/uploads\/2024\/07\/InhalteDatensatz-1-1536x401.png 1536w, https:\/\/venture.gruenderlehrstuhl.de\/wp-content\/uploads\/2024\/07\/InhalteDatensatz-1-2048x534.png 2048w\" sizes=\"auto, (max-width: 2058px) 100vw, 2058px\" \/><figcaption class=\"wp-element-caption\">Datengrundlage der Untersuchungen des Forschungsprojekts<\/figcaption><\/figure>\n<\/div>\n\n\n<div class=\"wp-block-group is-nowrap is-layout-flex wp-container-core-group-is-layout-ad2f72ca wp-block-group-is-layout-flex\">\n<div style=\"height:22px;width:0px\" aria-hidden=\"true\" class=\"wp-block-spacer wp-container-content-d62f4c8e\"><\/div>\n<\/div>\n\n\n\n<p>Die Datenerhebungen und Befragungen wurden in einer ersten Erhebungsrunde 2013 und 2014 bei allen <a href=\"https:\/\/www.nrwbank.de\/de\/foerderung\/foerderprodukte\/15802\/nrwseedcap.html\">NRW.Bank Seed Fonds<\/a>, dem <a href=\"https:\/\/www.htgf.de\/\" data-type=\"link\" data-id=\"https:\/\/www.htgf.de\/\">High-Tech Gr\u00fcnderfonds (HTGF)<\/a>, der Sparkassenbeteiligungsgesellschaft Sachsen-Anhalt (S-BG) und dem <a href=\"https:\/\/www.tgfs.de\/\">Technologiegr\u00fcnderfonds Sachsen (TGFS)<\/a> durchgef\u00fchrt. Anschlie\u00dfend wurden die Daten in Bezug auf unterschiedliche Fragestellungen und Themenbereiche ausgewertet und deren Ergebnisse in Fachzeitschriften (anonymisiert) publiziert sowie auf zahlreichen Konferenzen vorgestellt. Eine zweite Erhebungsrunde fand 2017 statt.<\/p>\n\n\n\n<p>Verschiedene Forschungsfelder \u2013 wie Teamcharakteristika, Netzwerke, Technologieeigenschaften, Managementunterst\u00fctzung, Risikomanagement und Internationalisierung \u2013 werden zu Erkenntnissen f\u00fcr die Risikobewertung (Entscheidungszeitpunkt) und die Risikogestaltung (Beteiligungsverlauf) in Fr\u00fchphasenfonds verdichtet. Damit liefert die Studie einen praktischen Erkenntnisgewinn f\u00fcr das Management von Start-Ups und gibt Implikationen f\u00fcr das Fondsmanagement von Fr\u00fchphasenfonds.<\/p>\n\n\n<div class=\"wp-block-image bild-zoom\">\n<figure class=\"aligncenter size-full is-resized\"><img loading=\"lazy\" decoding=\"async\" width=\"2294\" height=\"1449\" src=\"https:\/\/venture.gruenderlehrstuhl.de\/wp-content\/uploads\/2024\/07\/Untersuchungsfelder-1.png\" alt=\"\" class=\"wp-image-887\" style=\"aspect-ratio:1.6182212581344901;width:675px;height:auto\" title=\"\" srcset=\"https:\/\/venture.gruenderlehrstuhl.de\/wp-content\/uploads\/2024\/07\/Untersuchungsfelder-1.png 2294w, https:\/\/venture.gruenderlehrstuhl.de\/wp-content\/uploads\/2024\/07\/Untersuchungsfelder-1-300x189.png 300w, https:\/\/venture.gruenderlehrstuhl.de\/wp-content\/uploads\/2024\/07\/Untersuchungsfelder-1-1024x647.png 1024w, https:\/\/venture.gruenderlehrstuhl.de\/wp-content\/uploads\/2024\/07\/Untersuchungsfelder-1-768x485.png 768w, https:\/\/venture.gruenderlehrstuhl.de\/wp-content\/uploads\/2024\/07\/Untersuchungsfelder-1-1536x970.png 1536w, https:\/\/venture.gruenderlehrstuhl.de\/wp-content\/uploads\/2024\/07\/Untersuchungsfelder-1-2048x1294.png 2048w\" sizes=\"auto, (max-width: 2294px) 100vw, 2294px\" \/><figcaption class=\"wp-element-caption\">Bisher im Rahmen des Forschungsprojekt bearbeitete Untersuchungsfelder<\/figcaption><\/figure>\n<\/div>\n\n\n<div style=\"height:22px\" aria-hidden=\"true\" class=\"wp-block-spacer\"><\/div>\n\n\n\n<p>Die durch das Forschungsprojekt generierten <a href=\"https:\/\/venture.gruenderlehrstuhl.de\/?page_id=34\">Ergebnisse<\/a> bieten sowohl f\u00fcr die Forschung als auch f\u00fcr die Praxis einen hohen Nutzen. Im Bereich <a href=\"https:\/\/venture.gruenderlehrstuhl.de\/?page_id=1248\">Ver\u00f6ffentlichungen<\/a> werden ausgew\u00e4hlte Publikationen und Vortr\u00e4ge vorgestellt.<\/p>\n\n\n\n<p>Wir bedanken uns bei der Wissenschaftsf\u00f6rderung der Sparkassen-Finanzgruppe e.V. und der NRW.Bank f\u00fcr die F\u00f6rderung und das entgegengebrachte Vertrauen. Insbesondere danken wir Herrn Klaus Krummrich, Herrn Gregor Mauer und Herrn Dr. Peter G\u00fcllmann f\u00fcr die stetige Unterst\u00fctzung des Projekts. Au\u00dferdem danken wir allen teilnehmenden Technologiefonds f\u00fcr ihr gro\u00dfes Vertrauen und die tolle Zusammenarbeit.<\/p>\n","protected":false},"excerpt":{"rendered":"<p>Wir beginn in K\u00fcrze mit der n\u00e4chsten Datenerhebung, zur Erweiterung der Datengrundlage unserer longitudinalen Studie. Unterst\u00fctzen auch Sie uns dabei, den Grundstein f\u00fcr weitere praxisrelevante Erkenntnisse zu strategischem Risikomanagement in Seed-Fonds und ihren Portfoliounternehmen zu gewinnen. Wir freuen uns auf Ihre Kontaktaufnahme und den fachlichen Austausch! In einem Beitrag f\u00fcr das VentureCapital Magazin haben wir&hellip;&nbsp;<a href=\"https:\/\/venture.gruenderlehrstuhl.de\/\" rel=\"bookmark\">Weiterlesen &raquo;<span class=\"screen-reader-text\">Projektvorstellung<\/span><\/a><\/p>\n","protected":false},"author":7,"featured_media":56,"parent":0,"menu_order":0,"comment_status":"closed","ping_status":"closed","template":"","meta":{"neve_meta_sidebar":"","neve_meta_container":"default","neve_meta_enable_content_width":"","neve_meta_content_width":0,"neve_meta_title_alignment":"","neve_meta_author_avatar":"","neve_post_elements_order":"","neve_meta_disable_header":"","neve_meta_disable_footer":"","neve_meta_disable_title":"","_themeisle_gutenberg_block_has_review":false,"footnotes":""},"class_list":["post-26","page","type-page","status-publish","has-post-thumbnail","hentry"],"_links":{"self":[{"href":"https:\/\/venture.gruenderlehrstuhl.de\/index.php?rest_route=\/wp\/v2\/pages\/26","targetHints":{"allow":["GET"]}}],"collection":[{"href":"https:\/\/venture.gruenderlehrstuhl.de\/index.php?rest_route=\/wp\/v2\/pages"}],"about":[{"href":"https:\/\/venture.gruenderlehrstuhl.de\/index.php?rest_route=\/wp\/v2\/types\/page"}],"author":[{"embeddable":true,"href":"https:\/\/venture.gruenderlehrstuhl.de\/index.php?rest_route=\/wp\/v2\/users\/7"}],"replies":[{"embeddable":true,"href":"https:\/\/venture.gruenderlehrstuhl.de\/index.php?rest_route=%2Fwp%2Fv2%2Fcomments&post=26"}],"version-history":[{"count":0,"href":"https:\/\/venture.gruenderlehrstuhl.de\/index.php?rest_route=\/wp\/v2\/pages\/26\/revisions"}],"wp:featuredmedia":[{"embeddable":true,"href":"https:\/\/venture.gruenderlehrstuhl.de\/index.php?rest_route=\/wp\/v2\/media\/56"}],"wp:attachment":[{"href":"https:\/\/venture.gruenderlehrstuhl.de\/index.php?rest_route=%2Fwp%2Fv2%2Fmedia&parent=26"}],"curies":[{"name":"wp","href":"https:\/\/api.w.org\/{rel}","templated":true}]}}