{"id":34,"date":"2023-06-30T10:20:04","date_gmt":"2023-06-30T08:20:04","guid":{"rendered":"https:\/\/venture.gruenderlehrstuhl.de\/?page_id=34"},"modified":"2025-04-25T15:11:45","modified_gmt":"2025-04-25T13:11:45","slug":"zentrale-projektergebnisse","status":"publish","type":"page","link":"https:\/\/venture.gruenderlehrstuhl.de\/?page_id=34","title":{"rendered":"Projektergebnisse"},"content":{"rendered":"\n<p class=\"benachrichtigungsblock\">Wir beginn in K\u00fcrze mit der <strong>n\u00e4chsten Datenerhebung<\/strong>, zur Erweiterung der Datengrundlage unserer longitudinalen Studie. <strong>Unterst\u00fctzen auch Sie uns dabei<\/strong>, den Grundstein f\u00fcr weitere praxisrelevante Erkenntnisse zu strategischem Risikomanagement in Seed-Fonds und ihren Portfoliounternehmen zu gewinnen. <strong>Wir freuen uns auf Ihre <a href=\"https:\/\/venture.gruenderlehrstuhl.de\/?page_id=990\">Kontaktaufnahme<\/a> und den fachlichen Austausch!<\/strong> In einem <a href=\"https:\/\/www.vc-magazin.de\/blog\/2025\/04\/22\/strategisches-risikomanagement-in-fruehphasenfonds-ergebnisse-und-ausblick\/\"><strong>Beitrag f\u00fcr das VentureCapital Magazin<\/strong><\/a> haben wir die bisherigen Forschungsergebnisse zusammengefasst und einen Ausblick auf die n\u00e4chsten Schritte des Projekts gegeben.<\/p>\n\n\n\n<p>Es konnten<strong>&nbsp;drei verschiedene Gr\u00fcndertypen <\/strong>identifiziert werden: der Wissenschaftler, der praxisorientiere Techniker und der \u201eBusiness Professional\u201c. Die Gr\u00fcndertypen unterscheiden sich hinsichtlich ihrer Kompetenzen und des erreichten Erfolgs.<\/p>\n\n\n\n<ul class=\"wp-block-list\">\n<li><strong>Netzwerke zwischen VCGs <\/strong>sind ein entscheidender Faktor f\u00fcr den Erfolg einzelner Investments. Insofern zahlt sich die Investition in Netzwerke aus.<\/li>\n\n\n\n<li>Eine positive Wirkung von&nbsp;<strong>finanziellen Netzwerken <\/strong>konnte auch f\u00fcr PUs nachgewiesen werden.<\/li>\n\n\n\n<li>Die bedeutendsten Risiken f\u00fcr Venture Capital Firmen sind laut unserer Studie&nbsp;<strong>Finanz-, Technologie- und Marktrisiken<\/strong> auf Ebene der Portfoliounternehmen. Jedoch \u00e4ndert sich das Risikoprofil im Laufe des Investitionsprozesses. <strong>Risikoanalyse- und Bewertung<\/strong> findet teilweise sehr unsystematisch statt, weshalb es an dieser Stelle noch Professionalisierungsbedarf f\u00fcr Venture Capital Firmen gibt.<\/li>\n\n\n\n<li><strong>Erfahrene Investmentmanager <\/strong>k\u00f6nnen das Risiko des PUs besser einsch\u00e4tzen und steuern. Es sollte hier insbesondere auf die Arbeitserfahrung, technisches Know-How und eigene Gr\u00fcndungserfahrung geachtet werden.<\/li>\n\n\n\n<li>VCG sind sowohl formell, z.B. durch Beiratssitzungen, Reporting, Strategiemeetings, als auch informell, z.B. durch Telefonate in die Entwicklung ihrer Portfoliounternehmen involviert. Dabei variiert der <strong>Umfang der Managementunterst\u00fctzung<\/strong> sowohl zwischen den Fonds, als auch zwischen den PUs einer Gesellschaft.<\/li>\n\n\n\n<li>Haupts\u00e4chliche Gr\u00fcnde des Scheiterns liegen in den Bereichen<strong> Finanzierung, Managementkompetenzen und Markt<\/strong> zur\u00fcckgef\u00fchrt werden. Technologie hat eine geringere Bedeutung und wird erst in der zweiten Finanzierungsrunde relevant. Ein Grund daf\u00fcr kann in der sorgf\u00e4ltigen Vorauswahl der F\u00e4lle liegen. Insofern sollte insbesondere einen Augenmerk auf die Managementkompetenz und den Markt liegen.<\/li>\n\n\n\n<li>Portfolio-Unternehmen mit einer <strong>schnellen Internationalisierung <\/strong>sind im Schnitt erfolgreicher. Hier ist eine fr\u00fche Pr\u00fcfung der internationalen Patentierbarkeit sowie eine von vornerein eine h\u00f6here Finanzausstattung hilfreich.<\/li>\n\n\n\n<li>Der Investorentyp hat einen gro\u00dfen Einfluss auf die<strong> Vertr\u00e4ge <\/strong>die zwischen VCG und PU geschlossen werden. W\u00e4hrend unabh\u00e4ngige und Banken abh\u00e4ngige VCG eher wenig Exit-Rechte verlangen, fordern staatliche VCG diese konsequent ein.<\/li>\n<\/ul>\n\n\n\n<p><\/p>\n","protected":false},"excerpt":{"rendered":"<p>Wir beginn in K\u00fcrze mit der n\u00e4chsten Datenerhebung, zur Erweiterung der Datengrundlage unserer longitudinalen Studie. Unterst\u00fctzen auch Sie uns dabei, den Grundstein f\u00fcr weitere praxisrelevante Erkenntnisse zu strategischem Risikomanagement in Seed-Fonds und ihren Portfoliounternehmen zu gewinnen. Wir freuen uns auf Ihre Kontaktaufnahme und den fachlichen Austausch! In einem Beitrag f\u00fcr das VentureCapital Magazin haben wir&hellip;&nbsp;<a href=\"https:\/\/venture.gruenderlehrstuhl.de\/?page_id=34\" rel=\"bookmark\">Weiterlesen &raquo;<span class=\"screen-reader-text\">Projektergebnisse<\/span><\/a><\/p>\n","protected":false},"author":7,"featured_media":785,"parent":0,"menu_order":0,"comment_status":"closed","ping_status":"closed","template":"","meta":{"neve_meta_sidebar":"","neve_meta_container":"","neve_meta_enable_content_width":"","neve_meta_content_width":0,"neve_meta_title_alignment":"","neve_meta_author_avatar":"","neve_post_elements_order":"","neve_meta_disable_header":"","neve_meta_disable_footer":"","neve_meta_disable_title":"","_themeisle_gutenberg_block_has_review":false,"footnotes":""},"class_list":["post-34","page","type-page","status-publish","has-post-thumbnail","hentry"],"_links":{"self":[{"href":"https:\/\/venture.gruenderlehrstuhl.de\/index.php?rest_route=\/wp\/v2\/pages\/34","targetHints":{"allow":["GET"]}}],"collection":[{"href":"https:\/\/venture.gruenderlehrstuhl.de\/index.php?rest_route=\/wp\/v2\/pages"}],"about":[{"href":"https:\/\/venture.gruenderlehrstuhl.de\/index.php?rest_route=\/wp\/v2\/types\/page"}],"author":[{"embeddable":true,"href":"https:\/\/venture.gruenderlehrstuhl.de\/index.php?rest_route=\/wp\/v2\/users\/7"}],"replies":[{"embeddable":true,"href":"https:\/\/venture.gruenderlehrstuhl.de\/index.php?rest_route=%2Fwp%2Fv2%2Fcomments&post=34"}],"version-history":[{"count":0,"href":"https:\/\/venture.gruenderlehrstuhl.de\/index.php?rest_route=\/wp\/v2\/pages\/34\/revisions"}],"wp:featuredmedia":[{"embeddable":true,"href":"https:\/\/venture.gruenderlehrstuhl.de\/index.php?rest_route=\/wp\/v2\/media\/785"}],"wp:attachment":[{"href":"https:\/\/venture.gruenderlehrstuhl.de\/index.php?rest_route=%2Fwp%2Fv2%2Fmedia&parent=34"}],"curies":[{"name":"wp","href":"https:\/\/api.w.org\/{rel}","templated":true}]}}