{"id":42,"date":"2023-06-30T10:21:20","date_gmt":"2023-06-30T08:21:20","guid":{"rendered":"https:\/\/venture.gruenderlehrstuhl.de\/?page_id=42"},"modified":"2025-04-29T14:01:47","modified_gmt":"2025-04-29T12:01:47","slug":"ausblick","status":"publish","type":"page","link":"https:\/\/venture.gruenderlehrstuhl.de\/?page_id=42","title":{"rendered":"Ausblick"},"content":{"rendered":"\n<p class=\"benachrichtigungsblock\">Wir beginn in K\u00fcrze mit der <strong>n\u00e4chsten Datenerhebung<\/strong>, zur Erweiterung der Datengrundlage unserer longitudinalen Studie. <strong>Unterst\u00fctzen auch Sie uns dabei<\/strong>, den Grundstein f\u00fcr weitere praxisrelevante Erkenntnisse zu strategischem Risikomanagement in Seed-Fonds und ihren Portfoliounternehmen zu gewinnen. <strong>Wir freuen uns auf Ihre <a href=\"https:\/\/venture.gruenderlehrstuhl.de\/?page_id=990\">Kontaktaufnahme<\/a> und den fachlichen Austausch!<\/strong> In einem <a href=\"https:\/\/www.vc-magazin.de\/blog\/2025\/04\/22\/strategisches-risikomanagement-in-fruehphasenfonds-ergebnisse-und-ausblick\/\"><strong>Beitrag f\u00fcr das VentureCapital Magazin<\/strong><\/a> haben wir die bisherigen Forschungsergebnisse zusammengefasst und einen Ausblick auf die n\u00e4chsten Schritte des Projekts gegeben.<\/p>\n\n\n\n<p>Das Projekt erm\u00f6glichte die Gewinnung zahlreicher praxisrelevanter Erkenntnisse, die auf nationalen und internationalen Konferenzen pr\u00e4sentiert wurden. Viele der Ergebnisse konnten zudem erfolgreich in renommierten nationalen und internationalen Fachzeitschriften ver\u00f6ffentlicht werden \u2013 u.a. im Rahmen eines Serienbeitrags im Venture Capital Magazin. Eine gro\u00dfe Rolle hat dabei die einzigartige Datenlage gespielt, die auf der Erhebung bei den Fr\u00fchphasenfonds vor Ort beruhte. Die fortlaufende Bearbeitung der vorgestellten Schwerpunkte hat zur Erweiterung der Themenfelder und zur Entwicklung neuer Fragestellungen beigetragen. Die folgenden Forschungsfragen stellen einen Auszug aus den verschiedenen Themenfeldern dar, denen wir uns k\u00fcnftig verst\u00e4rkt widmen m\u00f6chten:<\/p>\n\n\n\n<ul class=\"wp-block-list\">\n<li>Welche Formen der Unterst\u00fctzung f\u00fchren zu einer Verringerung des Risikos und einer Steigerung der Bewertung von Portfoliounternehmen?<\/li>\n\n\n\n<li>Wodurch werden Art und Menge der Unterst\u00fctzung sowie Monitoring-Aktivit\u00e4ten und Governance-Eingriffe bei Portfoliounternehmen bestimmt?<\/li>\n\n\n\n<li>Tragen unterst\u00fctzende bzw. wertsteigernde und Governance-Eingriffe in gleichem Ma\u00dfe zum Unternehmenserfolg von Portfoliounternehmen bei?<\/li>\n\n\n\n<li>Wie k\u00f6nnen Meilensteine und bestimmte Vertragselemente optimal eingesetzt werden?<\/li>\n\n\n\n<li>Welche Auswirkungen hat die Zusammensetzung des Cap Tables auf Unternehmensentwicklung und -erfolg?<\/li>\n\n\n\n<li>Wie stark weichen im Businessplan getroffene Annahmen und die Einsch\u00e4tzungen der Investmentmanager von der tats\u00e4chlichen Entwicklung ab?<\/li>\n\n\n\n<li>Welchen Einfluss hat die Technologie auf die Entwicklung von Portfoliounternehmen?<\/li>\n<\/ul>\n\n\n\n<p>Um diese und weitere relevante Fragen beantworten und quantitativ besser auswerten zu k\u00f6nnen, sind erste Nacherhebungen durchgef\u00fchrt worden und weitere geplant. Durch die <strong>Aktualisierung unserer Datenbasis<\/strong> mit Unterst\u00fctzung der bisher am Forschungsprojekt beteiligten Fonds und der <strong>Zusammenarbeit mit weiteren Fonds<\/strong> k\u00f6nnen wir die Ergebnisse verifizieren und zus\u00e4tzliche statistische Methoden einsetzen.<\/p>\n\n\n\n<p>Eine aktualisierte Betrachtung der Entwicklung der Portfolio-Unternehmen erm\u00f6glicht eine noch gr\u00fcndlichere Untersuchung, z. B. von Exits oder Insolvenzen. Nur mit einer gr\u00f6\u00dferen Datenbasis k\u00f6nnen auch quantitative Untersuchungen durchgef\u00fchrt werden, die statistisch belastbarer sind, Kausalzusammenh\u00e4nge besser abbildbar machen und allgemeinere Schl\u00fcsse zulassen \u2013 z. B. hinsichtlich der Einflussfaktoren auf den Erfolg der Portfoliounternehmen.<\/p>\n\n\n\n<p>Wenn Sie uns <strong>bei unserem Forschungsprojekt unterst\u00fctzen<\/strong> m\u00f6chten, freuen wir uns \u00fcber eine Kontaktaufnahme unter <a href=\"mailto:nicholas.bost@tu-dresden.de\">nicholas.bost@tu-dresden.de<\/a>.<\/p>\n","protected":false},"excerpt":{"rendered":"<p>Wir beginn in K\u00fcrze mit der n\u00e4chsten Datenerhebung, zur Erweiterung der Datengrundlage unserer longitudinalen Studie. Unterst\u00fctzen auch Sie uns dabei, den Grundstein f\u00fcr weitere praxisrelevante Erkenntnisse zu strategischem Risikomanagement in Seed-Fonds und ihren Portfoliounternehmen zu gewinnen. Wir freuen uns auf Ihre Kontaktaufnahme und den fachlichen Austausch! In einem Beitrag f\u00fcr das VentureCapital Magazin haben wir&hellip;&nbsp;<a href=\"https:\/\/venture.gruenderlehrstuhl.de\/?page_id=42\" rel=\"bookmark\">Weiterlesen &raquo;<span class=\"screen-reader-text\">Ausblick<\/span><\/a><\/p>\n","protected":false},"author":7,"featured_media":824,"parent":0,"menu_order":0,"comment_status":"closed","ping_status":"closed","template":"","meta":{"neve_meta_sidebar":"","neve_meta_container":"","neve_meta_enable_content_width":"","neve_meta_content_width":0,"neve_meta_title_alignment":"","neve_meta_author_avatar":"","neve_post_elements_order":"","neve_meta_disable_header":"","neve_meta_disable_footer":"","neve_meta_disable_title":"","_themeisle_gutenberg_block_has_review":false,"footnotes":""},"class_list":["post-42","page","type-page","status-publish","has-post-thumbnail","hentry"],"_links":{"self":[{"href":"https:\/\/venture.gruenderlehrstuhl.de\/index.php?rest_route=\/wp\/v2\/pages\/42","targetHints":{"allow":["GET"]}}],"collection":[{"href":"https:\/\/venture.gruenderlehrstuhl.de\/index.php?rest_route=\/wp\/v2\/pages"}],"about":[{"href":"https:\/\/venture.gruenderlehrstuhl.de\/index.php?rest_route=\/wp\/v2\/types\/page"}],"author":[{"embeddable":true,"href":"https:\/\/venture.gruenderlehrstuhl.de\/index.php?rest_route=\/wp\/v2\/users\/7"}],"replies":[{"embeddable":true,"href":"https:\/\/venture.gruenderlehrstuhl.de\/index.php?rest_route=%2Fwp%2Fv2%2Fcomments&post=42"}],"version-history":[{"count":0,"href":"https:\/\/venture.gruenderlehrstuhl.de\/index.php?rest_route=\/wp\/v2\/pages\/42\/revisions"}],"wp:featuredmedia":[{"embeddable":true,"href":"https:\/\/venture.gruenderlehrstuhl.de\/index.php?rest_route=\/wp\/v2\/media\/824"}],"wp:attachment":[{"href":"https:\/\/venture.gruenderlehrstuhl.de\/index.php?rest_route=%2Fwp%2Fv2%2Fmedia&parent=42"}],"curies":[{"name":"wp","href":"https:\/\/api.w.org\/{rel}","templated":true}]}}